{"id":33,"date":"2022-05-11T07:55:27","date_gmt":"2022-05-11T07:55:27","guid":{"rendered":"https:\/\/demo.casethemes.net\/adsett\/?page_id=33"},"modified":"2026-02-05T11:26:08","modified_gmt":"2026-02-05T11:26:08","slug":"hakkimizda","status":"publish","type":"page","link":"https:\/\/www.mareyapi.com\/en\/hakkimizda\/","title":{"rendered":"About us"},"content":{"rendered":"<div data-elementor-type=\"wp-page\" data-elementor-id=\"33\" class=\"elementor elementor-33\" data-elementor-post-type=\"page\">\n\t\t\t\t        <section class=\"elementor-section elementor-top-section elementor-element elementor-element-0f2b5fe elementor-section-content-middle elementor-section-boxed elementor-section-height-default elementor-section-height-default pxl-section-line-left-no pxl-section-line-right-no pxl-section-static-pos-no pxl-section-overflow-hidden-no\" data-id=\"0f2b5fe\" data-element_type=\"section\" data-e-type=\"section\">\n\n                \n                <div class=\"elementor-container elementor-column-gap-default\">\n                <div class=\"elementor-column elementor-col-50 elementor-top-column elementor-element elementor-element-f1d5b1c pxl-column-element-default pxl-column-overflow-hidden-no\" data-id=\"f1d5b1c\" data-element_type=\"column\" data-e-type=\"column\">\r\n        <div class=\"elementor-widget-wrap elementor-element-populated\">\r\n                     \r\n        \t\t<div class=\"elementor-element elementor-element-d670165 pxl-wg-bd-anm-no elementor-widget elementor-widget-pxl_image\" data-id=\"d670165\" data-element_type=\"widget\" data-e-type=\"widget\" data-widget_type=\"pxl_image.default\">\n\t\t\t\t<div class=\"elementor-widget-container\">\n\t\t\t\t\t<div id=\"pxl_image-d670165-2988\" class=\"pxl-image-wg move-from-left\">\r\n\t\t<img fetchpriority=\"high\" decoding=\"async\" width=\"1920\" height=\"1080\" src=\"https:\/\/www.mareyapi.com\/wp-content\/uploads\/2022\/05\/Adsiz-tasarim-6.jpg\" class=\"attachment-full size-full wp-image-10819\" alt=\"\" srcset=\"https:\/\/www.mareyapi.com\/wp-content\/uploads\/2022\/05\/Adsiz-tasarim-6.jpg 1920w, https:\/\/www.mareyapi.com\/wp-content\/uploads\/2022\/05\/Adsiz-tasarim-6-768x432.jpg 768w, https:\/\/www.mareyapi.com\/wp-content\/uploads\/2022\/05\/Adsiz-tasarim-6-1536x864.jpg 1536w, https:\/\/www.mareyapi.com\/wp-content\/uploads\/2022\/05\/Adsiz-tasarim-6-1170x658.jpg 1170w\" sizes=\"(max-width: 1920px) 100vw, 1920px\" \/>\t<\/div>\r\n\t\t\t\t<\/div>\n\t\t\t\t<\/div>\n\t\t            <\/div>\r\n        <\/div>\r\n                <div class=\"elementor-column elementor-col-50 elementor-top-column elementor-element elementor-element-3e3bdfd pxl-column-element-default pxl-column-overflow-hidden-no\" data-id=\"3e3bdfd\" data-element_type=\"column\" data-e-type=\"column\">\r\n        <div class=\"elementor-widget-wrap elementor-element-populated\">\r\n                     \r\n        \t\t<div class=\"elementor-element elementor-element-ccf7a06 pxl-wg-bd-anm-no elementor-invisible pxl-elementor-animate elementor-widget elementor-widget-pxl_heading\" data-id=\"ccf7a06\" data-element_type=\"widget\" data-e-type=\"widget\" data-settings=\"{&quot;_animation&quot;:&quot;fadeInUp&quot;}\" data-widget_type=\"pxl_heading.default\">\n\t\t\t\t<div class=\"elementor-widget-container\">\n\t\t\t\t\t<div class=\"pxl-heading-wrap d-flex\">\n    <div class=\"pxl-heading-inner\">\n                <h3 class=\"heading-title pxl-split-text split-in-down\">\n            <span class=\"text-primary\">Mare<\/span> Yap\u0131        <\/h3>\n            <\/div>\n<\/div>\n\n\t\t\t\t<\/div>\n\t\t\t\t<\/div>\n\t\t\t\t<div class=\"elementor-element elementor-element-99ec845 pxl-wg-bd-anm-no elementor-invisible pxl-elementor-animate elementor-widget elementor-widget-pxl_text_editor\" data-id=\"99ec845\" data-element_type=\"widget\" data-e-type=\"widget\" data-settings=\"{&quot;_animation&quot;:&quot;fadeInUp&quot;}\" data-widget_type=\"pxl_text_editor.default\">\n\t\t\t\t<div class=\"elementor-widget-container\">\n\t\t\t\t\t<div id=\"pxl_text_editor-99ec845-5607\" class=\"pxl-text-editor-wrap d-flex\" >\n\t<div class=\"pxl-text-editor elementor-clearfix\">\n\t\t<p>Mare Yap\u0131 Malzemeleri Pazarlama San. Ve Tic. A.\u015e., established on April 17, 2017 by Tansel Adal\u0131 and Bora \u0130\u015fbilir, supplies products to prestigious projects in many regions, primarily \u0130zmir and the Aegean Region, leveraging the over 20 years of experience of its partners in the concrete and construction market. Holding dealerships with numerous established manufacturers in the sector, Mare Yap\u0131 aims to prioritize customer satisfaction by providing factory-to-site product delivery across its wide product range.<\/p>\t\t\n\t<\/div>\n<\/div>\t\t\t\t<\/div>\n\t\t\t\t<\/div>\n\t\t            <\/div>\r\n        <\/div>\r\n        \t\t\t<\/div>\n\t\t<\/section>\n\t\t\t\t<\/div>","protected":false},"excerpt":{"rendered":"<p>Mare Yap\u0131 17.04.2017 de Tansel Adal\u0131 ve Bora \u0130\u015fbilir taraf\u0131ndan kurulan Mare Yap\u0131 Malzemeleri Pazarlama San. Ve Tic. A.\u015e., \u015firket ortaklar\u0131n\u0131n 20 y\u0131l\u0131 a\u015fan beton ve in\u015faat piyasas\u0131 tecr\u00fcbesiyle, ba\u015fta \u0130zmir ve Ege B\u00f6lgesi olmak kayd\u0131yla bir\u00e7ok b\u00f6lgedeki se\u00e7kin ve prestijli projelere \u00fcr\u00fcn tedari\u011fi yapmaktad\u0131r. Sekt\u00f6rde yer alan bir\u00e7ok kurumsal \u00fcretici firma bayiliklerine sahip olan [&hellip;]<\/p>\n","protected":false},"author":1,"featured_media":0,"parent":0,"menu_order":0,"comment_status":"closed","ping_status":"closed","template":"","meta":{"footnotes":""},"class_list":["post-33","page","type-page","status-publish","hentry"],"_links":{"self":[{"href":"https:\/\/www.mareyapi.com\/en\/wp-json\/wp\/v2\/pages\/33","targetHints":{"allow":["GET"]}}],"collection":[{"href":"https:\/\/www.mareyapi.com\/en\/wp-json\/wp\/v2\/pages"}],"about":[{"href":"https:\/\/www.mareyapi.com\/en\/wp-json\/wp\/v2\/types\/page"}],"author":[{"embeddable":true,"href":"https:\/\/www.mareyapi.com\/en\/wp-json\/wp\/v2\/users\/1"}],"replies":[{"embeddable":true,"href":"https:\/\/www.mareyapi.com\/en\/wp-json\/wp\/v2\/comments?post=33"}],"version-history":[{"count":10,"href":"https:\/\/www.mareyapi.com\/en\/wp-json\/wp\/v2\/pages\/33\/revisions"}],"predecessor-version":[{"id":10842,"href":"https:\/\/www.mareyapi.com\/en\/wp-json\/wp\/v2\/pages\/33\/revisions\/10842"}],"wp:attachment":[{"href":"https:\/\/www.mareyapi.com\/en\/wp-json\/wp\/v2\/media?parent=33"}],"curies":[{"name":"wp","href":"https:\/\/api.w.org\/{rel}","templated":true}]}}