{"id":7383,"date":"2022-12-06T17:52:22","date_gmt":"2022-12-06T16:52:22","guid":{"rendered":"https:\/\/demo.casethemes.net\/adsett\/?page_id=7383"},"modified":"2026-02-05T08:55:43","modified_gmt":"2026-02-05T08:55:43","slug":"ihracat","status":"publish","type":"page","link":"https:\/\/www.mareyapi.com\/en\/ihracat\/","title":{"rendered":"Export"},"content":{"rendered":"<div data-elementor-type=\"wp-page\" data-elementor-id=\"7383\" class=\"elementor elementor-7383\" data-elementor-post-type=\"page\">\n\t\t\t\t<div class=\"elementor-element elementor-element-78c7962 e-flex e-con-boxed e-con e-parent\" data-id=\"78c7962\" data-element_type=\"container\" data-e-type=\"container\">\t\t\t<div class=\"e-con-inner\">\r\n\t\t\t\t<div class=\"elementor-element elementor-element-a94e63a elementor-grid-3 elementor-grid-tablet-2 elementor-grid-mobile-1 elementor-posts--thumbnail-top elementor-card-shadow-yes elementor-posts__hover-gradient pxl-wg-bd-anm-no elementor-widget elementor-widget-posts\" data-id=\"a94e63a\" data-element_type=\"widget\" data-e-type=\"widget\" data-settings=\"{&quot;cards_masonry&quot;:&quot;yes&quot;,&quot;cards_columns&quot;:&quot;3&quot;,&quot;cards_columns_tablet&quot;:&quot;2&quot;,&quot;cards_columns_mobile&quot;:&quot;1&quot;,&quot;cards_row_gap&quot;:{&quot;unit&quot;:&quot;px&quot;,&quot;size&quot;:35,&quot;sizes&quot;:[]},&quot;cards_row_gap_laptop&quot;:{&quot;unit&quot;:&quot;px&quot;,&quot;size&quot;:&quot;&quot;,&quot;sizes&quot;:[]},&quot;cards_row_gap_tablet_extra&quot;:{&quot;unit&quot;:&quot;px&quot;,&quot;size&quot;:&quot;&quot;,&quot;sizes&quot;:[]},&quot;cards_row_gap_tablet&quot;:{&quot;unit&quot;:&quot;px&quot;,&quot;size&quot;:&quot;&quot;,&quot;sizes&quot;:[]},&quot;cards_row_gap_mobile_extra&quot;:{&quot;unit&quot;:&quot;px&quot;,&quot;size&quot;:&quot;&quot;,&quot;sizes&quot;:[]},&quot;cards_row_gap_mobile&quot;:{&quot;unit&quot;:&quot;px&quot;,&quot;size&quot;:&quot;&quot;,&quot;sizes&quot;:[]}}\" data-widget_type=\"posts.cards\">\n\t\t\t\t<div class=\"elementor-widget-container\">\n\t\t\t\t\t\t\t<div class=\"elementor-posts-container elementor-posts elementor-posts--skin-cards elementor-grid\" role=\"list\">\n\t\t\t\t<article class=\"elementor-post elementor-grid-item post-10588 post type-post status-publish format-standard has-post-thumbnail hentry category-ihracat category-urunler\" role=\"listitem\">\n\t\t\t<div class=\"elementor-post__card\">\n\t\t\t\t<a class=\"elementor-post__thumbnail__link\" href=\"https:\/\/www.mareyapi.com\/en\/cimento\/\" tabindex=\"-1\" ><div class=\"elementor-post__thumbnail\"><img fetchpriority=\"high\" decoding=\"async\" width=\"960\" height=\"540\" src=\"https:\/\/www.mareyapi.com\/wp-content\/uploads\/2026\/02\/cimento.jpg\" class=\"attachment-full size-full wp-image-10687\" alt=\"\" srcset=\"https:\/\/www.mareyapi.com\/wp-content\/uploads\/2026\/02\/cimento.jpg 960w, https:\/\/www.mareyapi.com\/wp-content\/uploads\/2026\/02\/cimento-768x432.jpg 768w\" sizes=\"(max-width: 960px) 100vw, 960px\" \/><\/div><\/a>\n\t\t\t\t<div class=\"elementor-post__text\">\n\t\t\t\t<h3 class=\"elementor-post__title\">\n\t\t\t<a href=\"https:\/\/www.mareyapi.com\/en\/cimento\/\" >\n\t\t\t\tCement\t\t\t<\/a>\n\t\t<\/h3>\n\t\t\n\t\t<a class=\"elementor-post__read-more\" href=\"https:\/\/www.mareyapi.com\/en\/cimento\/\" aria-label=\"Read more about \u00c7imento\" tabindex=\"-1\" >\n\t\t\tReview &gt;\t\t<\/a>\n\n\t\t\t\t<\/div>\n\t\t\t\t\t<\/div>\n\t\t<\/article>\n\t\t\t\t<article class=\"elementor-post elementor-grid-item post-10594 post type-post status-publish format-standard has-post-thumbnail hentry category-ihracat category-urunler\" role=\"listitem\">\n\t\t\t<div class=\"elementor-post__card\">\n\t\t\t\t<a class=\"elementor-post__thumbnail__link\" href=\"https:\/\/www.mareyapi.com\/en\/gazbeton\/\" tabindex=\"-1\" ><div class=\"elementor-post__thumbnail\"><img decoding=\"async\" width=\"960\" height=\"540\" src=\"https:\/\/www.mareyapi.com\/wp-content\/uploads\/2026\/02\/gazbeton.jpg\" class=\"attachment-full size-full wp-image-10707\" alt=\"\" srcset=\"https:\/\/www.mareyapi.com\/wp-content\/uploads\/2026\/02\/gazbeton.jpg 960w, https:\/\/www.mareyapi.com\/wp-content\/uploads\/2026\/02\/gazbeton-768x432.jpg 768w\" sizes=\"(max-width: 960px) 100vw, 960px\" \/><\/div><\/a>\n\t\t\t\t<div class=\"elementor-post__text\">\n\t\t\t\t<h3 class=\"elementor-post__title\">\n\t\t\t<a href=\"https:\/\/www.mareyapi.com\/en\/gazbeton\/\" >\n\t\t\t\tAerated concrete\t\t\t<\/a>\n\t\t<\/h3>\n\t\t\n\t\t<a class=\"elementor-post__read-more\" href=\"https:\/\/www.mareyapi.com\/en\/gazbeton\/\" aria-label=\"Read more about Gazbeton\" tabindex=\"-1\" >\n\t\t\tReview &gt;\t\t<\/a>\n\n\t\t\t\t<\/div>\n\t\t\t\t\t<\/div>\n\t\t<\/article>\n\t\t\t\t<article class=\"elementor-post elementor-grid-item post-10596 post type-post status-publish format-standard has-post-thumbnail hentry category-ihracat category-urunler\" role=\"listitem\">\n\t\t\t<div class=\"elementor-post__card\">\n\t\t\t\t<a class=\"elementor-post__thumbnail__link\" href=\"https:\/\/www.mareyapi.com\/en\/alci\/\" tabindex=\"-1\" ><div class=\"elementor-post__thumbnail\"><img decoding=\"async\" width=\"960\" height=\"540\" src=\"https:\/\/www.mareyapi.com\/wp-content\/uploads\/2026\/02\/alci.jpg\" class=\"attachment-full size-full wp-image-10700\" alt=\"\" srcset=\"https:\/\/www.mareyapi.com\/wp-content\/uploads\/2026\/02\/alci.jpg 960w, https:\/\/www.mareyapi.com\/wp-content\/uploads\/2026\/02\/alci-768x432.jpg 768w\" sizes=\"(max-width: 960px) 100vw, 960px\" \/><\/div><\/a>\n\t\t\t\t<div class=\"elementor-post__text\">\n\t\t\t\t<h3 class=\"elementor-post__title\">\n\t\t\t<a href=\"https:\/\/www.mareyapi.com\/en\/alci\/\" >\n\t\t\t\tPlaster\t\t\t<\/a>\n\t\t<\/h3>\n\t\t\n\t\t<a class=\"elementor-post__read-more\" href=\"https:\/\/www.mareyapi.com\/en\/alci\/\" aria-label=\"Read more about Al\u00e7\u0131\" tabindex=\"-1\" >\n\t\t\tReview &gt;\t\t<\/a>\n\n\t\t\t\t<\/div>\n\t\t\t\t\t<\/div>\n\t\t<\/article>\n\t\t\t\t<article class=\"elementor-post elementor-grid-item post-10604 post type-post status-publish format-standard has-post-thumbnail hentry category-ihracat category-urunler\" role=\"listitem\">\n\t\t\t<div class=\"elementor-post__card\">\n\t\t\t\t<a class=\"elementor-post__thumbnail__link\" href=\"https:\/\/www.mareyapi.com\/en\/klinker\/\" tabindex=\"-1\" ><div class=\"elementor-post__thumbnail\"><img loading=\"lazy\" decoding=\"async\" width=\"1167\" height=\"580\" src=\"https:\/\/www.mareyapi.com\/wp-content\/uploads\/2026\/02\/klinker.png\" class=\"attachment-full size-full wp-image-10947\" alt=\"\" srcset=\"https:\/\/www.mareyapi.com\/wp-content\/uploads\/2026\/02\/klinker.png 1167w, https:\/\/www.mareyapi.com\/wp-content\/uploads\/2026\/02\/klinker-768x382.png 768w\" sizes=\"(max-width: 1167px) 100vw, 1167px\" \/><\/div><\/a>\n\t\t\t\t<div class=\"elementor-post__text\">\n\t\t\t\t<h3 class=\"elementor-post__title\">\n\t\t\t<a href=\"https:\/\/www.mareyapi.com\/en\/klinker\/\" >\n\t\t\t\tClinker\t\t\t<\/a>\n\t\t<\/h3>\n\t\t\n\t\t<a class=\"elementor-post__read-more\" href=\"https:\/\/www.mareyapi.com\/en\/klinker\/\" aria-label=\"Read more about Klinker\" tabindex=\"-1\" >\n\t\t\tReview &gt;\t\t<\/a>\n\n\t\t\t\t<\/div>\n\t\t\t\t\t<\/div>\n\t\t<\/article>\n\t\t\t\t<article class=\"elementor-post elementor-grid-item post-10606 post type-post status-publish format-standard has-post-thumbnail hentry category-ihracat category-urunler\" role=\"listitem\">\n\t\t\t<div class=\"elementor-post__card\">\n\t\t\t\t<a class=\"elementor-post__thumbnail__link\" href=\"https:\/\/www.mareyapi.com\/en\/kul\/\" tabindex=\"-1\" ><div class=\"elementor-post__thumbnail\"><img loading=\"lazy\" decoding=\"async\" width=\"960\" height=\"540\" src=\"https:\/\/www.mareyapi.com\/wp-content\/uploads\/2026\/02\/kul.jpg\" class=\"attachment-full size-full wp-image-10710\" alt=\"\" srcset=\"https:\/\/www.mareyapi.com\/wp-content\/uploads\/2026\/02\/kul.jpg 960w, https:\/\/www.mareyapi.com\/wp-content\/uploads\/2026\/02\/kul-768x432.jpg 768w\" sizes=\"(max-width: 960px) 100vw, 960px\" \/><\/div><\/a>\n\t\t\t\t<div class=\"elementor-post__text\">\n\t\t\t\t<h3 class=\"elementor-post__title\">\n\t\t\t<a href=\"https:\/\/www.mareyapi.com\/en\/kul\/\" >\n\t\t\t\tAsh\t\t\t<\/a>\n\t\t<\/h3>\n\t\t\n\t\t<a class=\"elementor-post__read-more\" href=\"https:\/\/www.mareyapi.com\/en\/kul\/\" aria-label=\"Read more about K\u00fcl\" tabindex=\"-1\" >\n\t\t\tReview &gt;\t\t<\/a>\n\n\t\t\t\t<\/div>\n\t\t\t\t\t<\/div>\n\t\t<\/article>\n\t\t\t\t<article class=\"elementor-post elementor-grid-item post-10608 post type-post status-publish format-standard has-post-thumbnail hentry category-ihracat\" role=\"listitem\">\n\t\t\t<div class=\"elementor-post__card\">\n\t\t\t\t<a class=\"elementor-post__thumbnail__link\" href=\"https:\/\/www.mareyapi.com\/en\/silika-kum\/\" tabindex=\"-1\" ><div class=\"elementor-post__thumbnail\"><img loading=\"lazy\" decoding=\"async\" width=\"960\" height=\"540\" src=\"https:\/\/www.mareyapi.com\/wp-content\/uploads\/2026\/02\/silika-kum.jpg\" class=\"attachment-full size-full wp-image-10894\" alt=\"\" srcset=\"https:\/\/www.mareyapi.com\/wp-content\/uploads\/2026\/02\/silika-kum.jpg 960w, https:\/\/www.mareyapi.com\/wp-content\/uploads\/2026\/02\/silika-kum-768x432.jpg 768w\" sizes=\"(max-width: 960px) 100vw, 960px\" \/><\/div><\/a>\n\t\t\t\t<div class=\"elementor-post__text\">\n\t\t\t\t<h3 class=\"elementor-post__title\">\n\t\t\t<a href=\"https:\/\/www.mareyapi.com\/en\/silika-kum\/\" >\n\t\t\t\tSilica Sand\t\t\t<\/a>\n\t\t<\/h3>\n\t\t\n\t\t<a class=\"elementor-post__read-more\" href=\"https:\/\/www.mareyapi.com\/en\/silika-kum\/\" aria-label=\"Read more about Silika Kum\" tabindex=\"-1\" >\n\t\t\tReview &gt;\t\t<\/a>\n\n\t\t\t\t<\/div>\n\t\t\t\t\t<\/div>\n\t\t<\/article>\n\t\t\t\t<article class=\"elementor-post elementor-grid-item post-10610 post type-post status-publish format-standard has-post-thumbnail hentry category-ihracat category-urunler\" role=\"listitem\">\n\t\t\t<div class=\"elementor-post__card\">\n\t\t\t\t<a class=\"elementor-post__thumbnail__link\" href=\"https:\/\/www.mareyapi.com\/en\/silis-dumani\/\" tabindex=\"-1\" ><div class=\"elementor-post__thumbnail\"><img loading=\"lazy\" decoding=\"async\" width=\"960\" height=\"540\" src=\"https:\/\/www.mareyapi.com\/wp-content\/uploads\/2026\/02\/silis-dumani.jpg\" class=\"attachment-full size-full wp-image-10716\" alt=\"\" srcset=\"https:\/\/www.mareyapi.com\/wp-content\/uploads\/2026\/02\/silis-dumani.jpg 960w, https:\/\/www.mareyapi.com\/wp-content\/uploads\/2026\/02\/silis-dumani-768x432.jpg 768w\" sizes=\"(max-width: 960px) 100vw, 960px\" \/><\/div><\/a>\n\t\t\t\t<div class=\"elementor-post__text\">\n\t\t\t\t<h3 class=\"elementor-post__title\">\n\t\t\t<a href=\"https:\/\/www.mareyapi.com\/en\/silis-dumani\/\" >\n\t\t\t\tSilica Fume\t\t\t<\/a>\n\t\t<\/h3>\n\t\t\n\t\t<a class=\"elementor-post__read-more\" href=\"https:\/\/www.mareyapi.com\/en\/silis-dumani\/\" aria-label=\"Read more about Silis Duman\u0131\" tabindex=\"-1\" >\n\t\t\tReview &gt;\t\t<\/a>\n\n\t\t\t\t<\/div>\n\t\t\t\t\t<\/div>\n\t\t<\/article>\n\t\t\t\t<article class=\"elementor-post elementor-grid-item post-10612 post type-post status-publish format-standard has-post-thumbnail hentry category-ihracat category-urunler\" role=\"listitem\">\n\t\t\t<div class=\"elementor-post__card\">\n\t\t\t\t<a class=\"elementor-post__thumbnail__link\" href=\"https:\/\/www.mareyapi.com\/en\/yuksek-firin-curuf\/\" tabindex=\"-1\" ><div class=\"elementor-post__thumbnail\"><img loading=\"lazy\" decoding=\"async\" width=\"560\" height=\"420\" src=\"https:\/\/www.mareyapi.com\/wp-content\/uploads\/2026\/02\/yuksek-firin-curufu.jpg\" class=\"attachment-full size-full wp-image-10967\" alt=\"\" \/><\/div><\/a>\n\t\t\t\t<div class=\"elementor-post__text\">\n\t\t\t\t<h3 class=\"elementor-post__title\">\n\t\t\t<a href=\"https:\/\/www.mareyapi.com\/en\/yuksek-firin-curuf\/\" >\n\t\t\t\tBlast Furnace Slag\t\t\t<\/a>\n\t\t<\/h3>\n\t\t\n\t\t<a class=\"elementor-post__read-more\" href=\"https:\/\/www.mareyapi.com\/en\/yuksek-firin-curuf\/\" aria-label=\"Read more about Y\u00fcksek F\u0131r\u0131n C\u00fcruf\" tabindex=\"-1\" >\n\t\t\tReview &gt;\t\t<\/a>\n\n\t\t\t\t<\/div>\n\t\t\t\t\t<\/div>\n\t\t<\/article>\n\t\t\t\t<article class=\"elementor-post elementor-grid-item post-10614 post type-post status-publish format-standard has-post-thumbnail hentry category-ihracat category-urunler\" role=\"listitem\">\n\t\t\t<div class=\"elementor-post__card\">\n\t\t\t\t<a class=\"elementor-post__thumbnail__link\" href=\"https:\/\/www.mareyapi.com\/en\/boksit\/\" tabindex=\"-1\" ><div class=\"elementor-post__thumbnail\"><img loading=\"lazy\" decoding=\"async\" width=\"793\" height=\"526\" src=\"https:\/\/www.mareyapi.com\/wp-content\/uploads\/2026\/02\/boksit.png\" class=\"attachment-full size-full wp-image-10951\" alt=\"\" srcset=\"https:\/\/www.mareyapi.com\/wp-content\/uploads\/2026\/02\/boksit.png 793w, https:\/\/www.mareyapi.com\/wp-content\/uploads\/2026\/02\/boksit-768x509.png 768w\" sizes=\"(max-width: 793px) 100vw, 793px\" \/><\/div><\/a>\n\t\t\t\t<div class=\"elementor-post__text\">\n\t\t\t\t<h3 class=\"elementor-post__title\">\n\t\t\t<a href=\"https:\/\/www.mareyapi.com\/en\/boksit\/\" >\n\t\t\t\tBauxite\t\t\t<\/a>\n\t\t<\/h3>\n\t\t\n\t\t<a class=\"elementor-post__read-more\" href=\"https:\/\/www.mareyapi.com\/en\/boksit\/\" aria-label=\"Read more about Boksit\" tabindex=\"-1\" >\n\t\t\tReview &gt;\t\t<\/a>\n\n\t\t\t\t<\/div>\n\t\t\t\t\t<\/div>\n\t\t<\/article>\n\t\t\t\t<article class=\"elementor-post elementor-grid-item post-10616 post type-post status-publish format-standard has-post-thumbnail hentry category-ihracat category-urunler\" role=\"listitem\">\n\t\t\t<div class=\"elementor-post__card\">\n\t\t\t\t<a class=\"elementor-post__thumbnail__link\" href=\"https:\/\/www.mareyapi.com\/en\/perlit\/\" tabindex=\"-1\" ><div class=\"elementor-post__thumbnail\"><img loading=\"lazy\" decoding=\"async\" width=\"960\" height=\"540\" src=\"https:\/\/www.mareyapi.com\/wp-content\/uploads\/2026\/02\/perlit.jpg\" class=\"attachment-full size-full wp-image-10713\" alt=\"\" srcset=\"https:\/\/www.mareyapi.com\/wp-content\/uploads\/2026\/02\/perlit.jpg 960w, https:\/\/www.mareyapi.com\/wp-content\/uploads\/2026\/02\/perlit-768x432.jpg 768w\" sizes=\"(max-width: 960px) 100vw, 960px\" \/><\/div><\/a>\n\t\t\t\t<div class=\"elementor-post__text\">\n\t\t\t\t<h3 class=\"elementor-post__title\">\n\t\t\t<a href=\"https:\/\/www.mareyapi.com\/en\/perlit\/\" >\n\t\t\t\tPerlite\t\t\t<\/a>\n\t\t<\/h3>\n\t\t\n\t\t<a class=\"elementor-post__read-more\" href=\"https:\/\/www.mareyapi.com\/en\/perlit\/\" aria-label=\"Read more about Perlit\" tabindex=\"-1\" >\n\t\t\tReview &gt;\t\t<\/a>\n\n\t\t\t\t<\/div>\n\t\t\t\t\t<\/div>\n\t\t<\/article>\n\t\t\t\t<article class=\"elementor-post elementor-grid-item post-10618 post type-post status-publish format-standard has-post-thumbnail hentry category-ihracat category-urunler\" role=\"listitem\">\n\t\t\t<div class=\"elementor-post__card\">\n\t\t\t\t<a class=\"elementor-post__thumbnail__link\" href=\"https:\/\/www.mareyapi.com\/en\/cimento-katkilari\/\" tabindex=\"-1\" ><div class=\"elementor-post__thumbnail\"><img loading=\"lazy\" decoding=\"async\" width=\"960\" height=\"540\" src=\"https:\/\/www.mareyapi.com\/wp-content\/uploads\/2026\/02\/cimento-katkileri.jpg\" class=\"attachment-full size-full wp-image-10705\" alt=\"\" srcset=\"https:\/\/www.mareyapi.com\/wp-content\/uploads\/2026\/02\/cimento-katkileri.jpg 960w, https:\/\/www.mareyapi.com\/wp-content\/uploads\/2026\/02\/cimento-katkileri-768x432.jpg 768w\" sizes=\"(max-width: 960px) 100vw, 960px\" \/><\/div><\/a>\n\t\t\t\t<div class=\"elementor-post__text\">\n\t\t\t\t<h3 class=\"elementor-post__title\">\n\t\t\t<a href=\"https:\/\/www.mareyapi.com\/en\/cimento-katkilari\/\" >\n\t\t\t\tCement Additives\t\t\t<\/a>\n\t\t<\/h3>\n\t\t\n\t\t<a class=\"elementor-post__read-more\" href=\"https:\/\/www.mareyapi.com\/en\/cimento-katkilari\/\" aria-label=\"Read more about \u00c7imento Katk\u0131lar\u0131\" tabindex=\"-1\" >\n\t\t\tReview &gt;\t\t<\/a>\n\n\t\t\t\t<\/div>\n\t\t\t\t\t<\/div>\n\t\t<\/article>\n\t\t\t\t<article class=\"elementor-post elementor-grid-item post-10620 post type-post status-publish format-standard has-post-thumbnail hentry category-ihracat category-urunler\" role=\"listitem\">\n\t\t\t<div class=\"elementor-post__card\">\n\t\t\t\t<a class=\"elementor-post__thumbnail__link\" href=\"https:\/\/www.mareyapi.com\/en\/beton-katkilari\/\" tabindex=\"-1\" ><div class=\"elementor-post__thumbnail\"><img loading=\"lazy\" decoding=\"async\" width=\"726\" height=\"721\" src=\"https:\/\/www.mareyapi.com\/wp-content\/uploads\/2026\/02\/beton-katiklari.jpg\" class=\"attachment-full size-full wp-image-10974\" alt=\"\" srcset=\"https:\/\/www.mareyapi.com\/wp-content\/uploads\/2026\/02\/beton-katiklari.jpg 726w, https:\/\/www.mareyapi.com\/wp-content\/uploads\/2026\/02\/beton-katiklari-715x710.jpg 715w\" sizes=\"(max-width: 726px) 100vw, 726px\" \/><\/div><\/a>\n\t\t\t\t<div class=\"elementor-post__text\">\n\t\t\t\t<h3 class=\"elementor-post__title\">\n\t\t\t<a href=\"https:\/\/www.mareyapi.com\/en\/beton-katkilari\/\" >\n\t\t\t\tConcrete Additives\t\t\t<\/a>\n\t\t<\/h3>\n\t\t\n\t\t<a class=\"elementor-post__read-more\" href=\"https:\/\/www.mareyapi.com\/en\/beton-katkilari\/\" aria-label=\"Read more about Beton Katk\u0131lar\u0131\" tabindex=\"-1\" >\n\t\t\tReview &gt;\t\t<\/a>\n\n\t\t\t\t<\/div>\n\t\t\t\t\t<\/div>\n\t\t<\/article>\n\t\t\t\t<article class=\"elementor-post elementor-grid-item post-10622 post type-post status-publish format-standard has-post-thumbnail hentry category-ihracat category-urunler\" role=\"listitem\">\n\t\t\t<div class=\"elementor-post__card\">\n\t\t\t\t<a class=\"elementor-post__thumbnail__link\" href=\"https:\/\/www.mareyapi.com\/en\/makrosentetik-fiber\/\" tabindex=\"-1\" ><div class=\"elementor-post__thumbnail\"><img loading=\"lazy\" decoding=\"async\" width=\"900\" height=\"600\" src=\"https:\/\/www.mareyapi.com\/wp-content\/uploads\/2026\/02\/makrosentetik-fiber-1.jpg\" class=\"attachment-full size-full wp-image-10963\" alt=\"\" srcset=\"https:\/\/www.mareyapi.com\/wp-content\/uploads\/2026\/02\/makrosentetik-fiber-1.jpg 900w, https:\/\/www.mareyapi.com\/wp-content\/uploads\/2026\/02\/makrosentetik-fiber-1-768x512.jpg 768w\" sizes=\"(max-width: 900px) 100vw, 900px\" \/><\/div><\/a>\n\t\t\t\t<div class=\"elementor-post__text\">\n\t\t\t\t<h3 class=\"elementor-post__title\">\n\t\t\t<a href=\"https:\/\/www.mareyapi.com\/en\/makrosentetik-fiber\/\" >\n\t\t\t\tMacrosynthetic Fiber\t\t\t<\/a>\n\t\t<\/h3>\n\t\t\n\t\t<a class=\"elementor-post__read-more\" href=\"https:\/\/www.mareyapi.com\/en\/makrosentetik-fiber\/\" aria-label=\"Read more about Makrosentetik Fiber\" tabindex=\"-1\" >\n\t\t\tReview &gt;\t\t<\/a>\n\n\t\t\t\t<\/div>\n\t\t\t\t\t<\/div>\n\t\t<\/article>\n\t\t\t\t<article class=\"elementor-post elementor-grid-item post-10624 post type-post status-publish format-standard has-post-thumbnail hentry category-ihracat category-urunler\" role=\"listitem\">\n\t\t\t<div class=\"elementor-post__card\">\n\t\t\t\t<a class=\"elementor-post__thumbnail__link\" href=\"https:\/\/www.mareyapi.com\/en\/polipropilen-elyaf\/\" tabindex=\"-1\" ><div class=\"elementor-post__thumbnail\"><img loading=\"lazy\" decoding=\"async\" width=\"500\" height=\"500\" src=\"https:\/\/www.mareyapi.com\/wp-content\/uploads\/2026\/02\/polipropilen-elyaf.webp\" class=\"attachment-full size-full wp-image-10955\" alt=\"\" srcset=\"https:\/\/www.mareyapi.com\/wp-content\/uploads\/2026\/02\/polipropilen-elyaf.webp 500w, https:\/\/www.mareyapi.com\/wp-content\/uploads\/2026\/02\/polipropilen-elyaf-300x300.webp 300w, https:\/\/www.mareyapi.com\/wp-content\/uploads\/2026\/02\/polipropilen-elyaf-255x255.webp 255w\" sizes=\"(max-width: 500px) 100vw, 500px\" \/><\/div><\/a>\n\t\t\t\t<div class=\"elementor-post__text\">\n\t\t\t\t<h3 class=\"elementor-post__title\">\n\t\t\t<a href=\"https:\/\/www.mareyapi.com\/en\/polipropilen-elyaf\/\" >\n\t\t\t\tPolypropylene Fiber\t\t\t<\/a>\n\t\t<\/h3>\n\t\t\n\t\t<a class=\"elementor-post__read-more\" href=\"https:\/\/www.mareyapi.com\/en\/polipropilen-elyaf\/\" aria-label=\"Read more about Polipropilen Elyaf\" tabindex=\"-1\" >\n\t\t\tReview &gt;\t\t<\/a>\n\n\t\t\t\t<\/div>\n\t\t\t\t\t<\/div>\n\t\t<\/article>\n\t\t\t\t<article class=\"elementor-post elementor-grid-item post-10626 post type-post status-publish format-standard has-post-thumbnail hentry category-ihracat category-urunler\" role=\"listitem\">\n\t\t\t<div class=\"elementor-post__card\">\n\t\t\t\t<a class=\"elementor-post__thumbnail__link\" href=\"https:\/\/www.mareyapi.com\/en\/komur\/\" tabindex=\"-1\" ><div class=\"elementor-post__thumbnail\"><img loading=\"lazy\" decoding=\"async\" width=\"960\" height=\"540\" src=\"https:\/\/www.mareyapi.com\/wp-content\/uploads\/2026\/02\/komur.jpg\" class=\"attachment-full size-full wp-image-10709\" alt=\"\" srcset=\"https:\/\/www.mareyapi.com\/wp-content\/uploads\/2026\/02\/komur.jpg 960w, https:\/\/www.mareyapi.com\/wp-content\/uploads\/2026\/02\/komur-768x432.jpg 768w\" sizes=\"(max-width: 960px) 100vw, 960px\" \/><\/div><\/a>\n\t\t\t\t<div class=\"elementor-post__text\">\n\t\t\t\t<h3 class=\"elementor-post__title\">\n\t\t\t<a href=\"https:\/\/www.mareyapi.com\/en\/komur\/\" >\n\t\t\t\tCoal\t\t\t<\/a>\n\t\t<\/h3>\n\t\t\n\t\t<a class=\"elementor-post__read-more\" href=\"https:\/\/www.mareyapi.com\/en\/komur\/\" aria-label=\"Read more about K\u00f6m\u00fcr\" tabindex=\"-1\" >\n\t\t\tReview &gt;\t\t<\/a>\n\n\t\t\t\t<\/div>\n\t\t\t\t\t<\/div>\n\t\t<\/article>\n\t\t\t\t<article class=\"elementor-post elementor-grid-item post-10628 post type-post status-publish format-standard has-post-thumbnail hentry category-ihracat category-urunler\" role=\"listitem\">\n\t\t\t<div class=\"elementor-post__card\">\n\t\t\t\t<a class=\"elementor-post__thumbnail__link\" href=\"https:\/\/www.mareyapi.com\/en\/petrokok\/\" tabindex=\"-1\" ><div class=\"elementor-post__thumbnail\"><img loading=\"lazy\" decoding=\"async\" width=\"960\" height=\"540\" src=\"https:\/\/www.mareyapi.com\/wp-content\/uploads\/2026\/02\/petrokok.jpg\" class=\"attachment-full size-full wp-image-10714\" alt=\"\" srcset=\"https:\/\/www.mareyapi.com\/wp-content\/uploads\/2026\/02\/petrokok.jpg 960w, https:\/\/www.mareyapi.com\/wp-content\/uploads\/2026\/02\/petrokok-768x432.jpg 768w\" sizes=\"(max-width: 960px) 100vw, 960px\" \/><\/div><\/a>\n\t\t\t\t<div class=\"elementor-post__text\">\n\t\t\t\t<h3 class=\"elementor-post__title\">\n\t\t\t<a href=\"https:\/\/www.mareyapi.com\/en\/petrokok\/\" >\n\t\t\t\tPetroleum Coke\t\t\t<\/a>\n\t\t<\/h3>\n\t\t\n\t\t<a class=\"elementor-post__read-more\" href=\"https:\/\/www.mareyapi.com\/en\/petrokok\/\" aria-label=\"Read more about Petrokok\" tabindex=\"-1\" >\n\t\t\tReview &gt;\t\t<\/a>\n\n\t\t\t\t<\/div>\n\t\t\t\t\t<\/div>\n\t\t<\/article>\n\t\t\t\t<article class=\"elementor-post elementor-grid-item post-10630 post type-post status-publish format-standard has-post-thumbnail hentry category-ihracat category-urunler\" role=\"listitem\">\n\t\t\t<div class=\"elementor-post__card\">\n\t\t\t\t<a class=\"elementor-post__thumbnail__link\" href=\"https:\/\/www.mareyapi.com\/en\/alternatif-yakitlar\/\" tabindex=\"-1\" ><div class=\"elementor-post__thumbnail\"><img loading=\"lazy\" decoding=\"async\" width=\"1000\" height=\"680\" src=\"https:\/\/www.mareyapi.com\/wp-content\/uploads\/2026\/02\/alternatif-yakitlar.webp\" class=\"attachment-full size-full wp-image-10959\" alt=\"\" srcset=\"https:\/\/www.mareyapi.com\/wp-content\/uploads\/2026\/02\/alternatif-yakitlar.webp 1000w, https:\/\/www.mareyapi.com\/wp-content\/uploads\/2026\/02\/alternatif-yakitlar-768x522.webp 768w\" sizes=\"(max-width: 1000px) 100vw, 1000px\" \/><\/div><\/a>\n\t\t\t\t<div class=\"elementor-post__text\">\n\t\t\t\t<h3 class=\"elementor-post__title\">\n\t\t\t<a href=\"https:\/\/www.mareyapi.com\/en\/alternatif-yakitlar\/\" >\n\t\t\t\tAlternative Fuels\t\t\t<\/a>\n\t\t<\/h3>\n\t\t\n\t\t<a class=\"elementor-post__read-more\" href=\"https:\/\/www.mareyapi.com\/en\/alternatif-yakitlar\/\" aria-label=\"Read more about Alternatif Yak\u0131tlar\" tabindex=\"-1\" >\n\t\t\tReview &gt;\t\t<\/a>\n\n\t\t\t\t<\/div>\n\t\t\t\t\t<\/div>\n\t\t<\/article>\n\t\t\t\t<\/div>\n\t\t\n\t\t\t\t\t\t<\/div>\n\t\t\t\t<\/div>\n\t\t\t\t\t<\/div>\r\n\t\t\t\t<\/div>\r\n\t\t\t\t<\/div>","protected":false},"excerpt":{"rendered":"","protected":false},"author":1,"featured_media":0,"parent":0,"menu_order":0,"comment_status":"closed","ping_status":"closed","template":"","meta":{"footnotes":""},"class_list":["post-7383","page","type-page","status-publish","hentry"],"_links":{"self":[{"href":"https:\/\/www.mareyapi.com\/en\/wp-json\/wp\/v2\/pages\/7383","targetHints":{"allow":["GET"]}}],"collection":[{"href":"https:\/\/www.mareyapi.com\/en\/wp-json\/wp\/v2\/pages"}],"about":[{"href":"https:\/\/www.mareyapi.com\/en\/wp-json\/wp\/v2\/types\/page"}],"author":[{"embeddable":true,"href":"https:\/\/www.mareyapi.com\/en\/wp-json\/wp\/v2\/users\/1"}],"replies":[{"embeddable":true,"href":"https:\/\/www.mareyapi.com\/en\/wp-json\/wp\/v2\/comments?post=7383"}],"version-history":[{"count":8,"href":"https:\/\/www.mareyapi.com\/en\/wp-json\/wp\/v2\/pages\/7383\/revisions"}],"predecessor-version":[{"id":10683,"href":"https:\/\/www.mareyapi.com\/en\/wp-json\/wp\/v2\/pages\/7383\/revisions\/10683"}],"wp:attachment":[{"href":"https:\/\/www.mareyapi.com\/en\/wp-json\/wp\/v2\/media?parent=7383"}],"curies":[{"name":"wp","href":"https:\/\/api.w.org\/{rel}","templated":true}]}}