{"id":7863,"date":"2022-12-11T03:40:33","date_gmt":"2022-12-11T02:40:33","guid":{"rendered":"https:\/\/demo.casethemes.net\/adsett\/?page_id=7863"},"modified":"2026-02-04T10:37:28","modified_gmt":"2026-02-04T10:37:28","slug":"projeler","status":"publish","type":"page","link":"https:\/\/www.mareyapi.com\/en\/projeler\/","title":{"rendered":"Projects"},"content":{"rendered":"<div data-elementor-type=\"wp-page\" data-elementor-id=\"7863\" class=\"elementor elementor-7863\" data-elementor-post-type=\"page\">\n\t\t\t\t<div class=\"elementor-element elementor-element-a0c9f28 e-flex e-con-boxed e-con e-parent\" data-id=\"a0c9f28\" data-element_type=\"container\" data-e-type=\"container\">\t\t\t<div class=\"e-con-inner\">\r\n\t\t\t\t<div class=\"elementor-element elementor-element-6a42e70 pxl-wg-bd-anm-no elementor-widget elementor-widget-text-editor\" data-id=\"6a42e70\" data-element_type=\"widget\" data-e-type=\"widget\" data-widget_type=\"text-editor.default\">\n\t\t\t\t\t\t\t\t\t<table width=\"598\"><tbody><tr><td width=\"598\">ADB.M\u0130M.-U\u00c7AK KARDE\u015eLER<\/td><\/tr><tr><td>A\u0130G \u0130N\u015e.-BOSTANLI<\/td><\/tr><tr><td>ANKA PLAN PROJE-AKARCA<\/td><\/tr><tr><td>ANKA PLAN PROJE-BUCA<\/td><\/tr><tr><td>ANKA PLAN PROJE-HATAY<\/td><\/tr><tr><td>ANKA PLAN PROJE-SEFER\u0130H\u0130SAR<\/td><\/tr><tr><td>ARDA M\u00dcH.-EGE B\u00d6LGES\u0130 T\u00dcRK TELEKOM ALTYAPI \u0130\u015eLER\u0130<\/td><\/tr><tr><td>ARTCON \u0130N\u015e.-SEL\u00c7UK<\/td><\/tr><tr><td>ARTKON \u0130N\u015e.-\u00d6ZKAN MAK.\u00a0<\/td><\/tr><tr><td>ARTKON \u0130N\u015e.-FO\u00c7A EVLER\u0130<\/td><\/tr><tr><td>ARTUR \u0130N\u015eAAT<\/td><\/tr><tr><td>ASTOR MASLAN \u0130N\u015e.-SEL\u00c7UK<\/td><\/tr><tr><td>AYGIT \u0130N\u015e.-ALTAY APT.<\/td><\/tr><tr><td>AYGIT \u0130N\u015e.-BASIN APT.<\/td><\/tr><tr><td>AYGIT \u0130N\u015e.-BE\u015eER DEPO BORNOVA<\/td><\/tr><tr><td>AYGIT \u0130N\u015e.-CEVHER ESBA\u015e<\/td><\/tr><tr><td>AYGIT \u0130N\u015e.-DEMET APT.\/\u015eA\u0130R E\u015eREF<\/td><\/tr><tr><td>AYGIT \u0130N\u015e.-G\u00dcZELYALI<\/td><\/tr><tr><td>AYGIT \u0130N\u015e.-KAHRAMANLAR<\/td><\/tr><tr><td>AYGIT \u0130N\u015e.-M\u00dcJDE APT.<\/td><\/tr><tr><td>AYGIT \u0130N\u015e.-\u00d6RNEKK\u00d6Y<\/td><\/tr><tr><td>AYGIT \u0130N\u015e.-\u015e\u0130R\u0130N YUVA APT.<\/td><\/tr><tr><td>AYGIT \u0130N\u015e.-ZEYT\u0130NALANI<\/td><\/tr><tr><td>B.ERG\u00dcNLER YOL YAPI G\u00dcNE\u015eL\u0130 BELDES\u0130 YOL YAPIM \u0130\u015e\u0130<\/td><\/tr><tr><td>BENER NURAL \u0130N\u015e.-AOSB<\/td><\/tr><tr><td>BENER NURAL \u0130N\u015e.-HARMANDALI<\/td><\/tr><tr><td>BERKAY DEKORASYON-\u0130ZM\u0130R EKONOM\u0130 \u00dcN\u0130.<\/td><\/tr><tr><td>BESET M\u0130M.-BORNOVA<\/td><\/tr><tr><td>BESET M\u0130M.-BOYALIK<\/td><\/tr><tr><td>BESET M\u0130M.-\u0130SKELE\u00a0<\/td><\/tr><tr><td>BESET M\u0130M.-MAMURBABA<\/td><\/tr><tr><td>BESET M\u0130M.-SW\u0130SS OTEL<\/td><\/tr><tr><td>BETOMAR \u0130N\u015e.-NEC\u0130P NASIR EGEPOL<\/td><\/tr><tr><td>BORAT \u0130N\u015eAAT-MENEMEN \u00c7\u0130FTL\u0130K<\/td><\/tr><tr><td>BORAT-AL\u0130 ENG\u0130N \u0130\u015e ORT.-BAL\u00c7OVA<\/td><\/tr><tr><td>CEBEC\u0130 \u0130N\u015e.-BORNOVA<\/td><\/tr><tr><td>CEBEC\u0130 \u0130N\u015e.-ULUKENT<\/td><\/tr><tr><td>DECONS MAN\u0130SA OSB<\/td><\/tr><tr><td>EGETECH M\u00dcH.-BARBAROS<\/td><\/tr><tr><td>EGETECH M\u00dcH.-G\u00dcZELBAH\u00c7E<\/td><\/tr><tr><td>ENDO APEX<\/td><\/tr><tr><td>ERK \u0130N\u015eAAT-SEFER\u0130H\u0130SAR<\/td><\/tr><tr><td>ESK\u0130Z M\u0130M.-AL\u0130A\u011eA<\/td><\/tr><tr><td>ESK\u0130Z M\u0130M.-OTOPARK<\/td><\/tr><tr><td>EVSEN \u0130N\u015eAAT-\u0130ZM\u0130R AYDIN OTOYOLU SEL\u00c7UK BA\u011eLANTI YOLU ONARIM \u0130\u015e\u0130<\/td><\/tr><tr><td>GEL\u0130\u015e\u0130M \u0130N\u015eAAT-BUCA\u00a0<\/td><\/tr><tr><td>GEOBOS ZEM\u0130N-ANATOL\u0130A SERAM\u0130K<\/td><\/tr><tr><td>G\u00dcRES \u0130N\u015e.-AL\u0130A\u011eA OKUL<\/td><\/tr><tr><td>G\u00dcRES \u0130N\u015e.-BORNOVA OKUL<\/td><\/tr><tr><td>\u0130NDEKS GROUP-AL\u0130A\u011eA<\/td><\/tr><tr><td>\u0130ZSU ALT YAPI \u0130\u015eLER\u0130<\/td><\/tr><tr><td>K-E \u0130N\u015e.-HARMANDALI<\/td><\/tr><tr><td>K-E \u0130N\u015e.-KARAA\u011eA\u00c7<\/td><\/tr><tr><td>K-E \u0130N\u015e.-MENEMEN<\/td><\/tr><tr><td>K-E \u0130N\u015e.-MENEMEN SERBEST B\u00d6LGE<\/td><\/tr><tr><td>K-E \u0130N\u015e.-SASALI<\/td><\/tr><tr><td>K-E \u0130N\u015e.-SEFER\u0130H\u0130SAR<\/td><\/tr><tr><td>KAAN HAVALI KIRICI MAK. LTD. \u015eT\u0130. &#8211; ZEYT\u0130NLER\u00a0<\/td><\/tr><tr><td>KAHVEC\u0130O\u011eLU YAPI-\u00c7E\u015eME<\/td><\/tr><tr><td>KAR \u0130N\u015eAAT<\/td><\/tr><tr><td>KARE M\u0130M.-ALA\u00c7ATI PORT<\/td><\/tr><tr><td>KARE M\u0130M.-DEN\u0130Z APT.<\/td><\/tr><tr><td>KARE M\u0130M.-KAHRAMANLAR<\/td><\/tr><tr><td>KARE M\u0130M.-KU\u015e\u00c7ULAR<\/td><\/tr><tr><td>KARE M\u0130M.-\u00d6ZT\u00dcRK APT.\/BOSTANLI<\/td><\/tr><tr><td>KASK YAPI-S\u00dcLEYMAN ALKAN URLA<\/td><\/tr><tr><td>KON-TEK KONT. TEKN.-BALIKES\u0130R G\u00d6NEN TURKCELL ALT YAPI \u0130\u015e\u0130<\/td><\/tr><tr><td>KON-TEK KONT. TEKN.-U\u015eAK TURKCELL ALT YAPI \u0130\u015e\u0130<\/td><\/tr><tr><td>KSC- AYDIN<\/td><\/tr><tr><td>KSC-ALL\u0130ANZE SARNI\u00c7<\/td><\/tr><tr><td>KSC-ATLANT\u0130S_ESBA\u015e<\/td><\/tr><tr><td>KSC-CMS AOSB<\/td><\/tr><tr><td>KSC-HARMANDALI<\/td><\/tr><tr><td>KUMU\u015eO\u011eLU \u0130N\u015e.-YELK\u0130<\/td><\/tr><tr><td>KURYAP \u0130N\u015e.-BA\u011eYURDU TEKNOPAN\u00a0<\/td><\/tr><tr><td>KURYAP \u0130N\u015e.-BAK CYCLE<\/td><\/tr><tr><td>KURYAP \u0130N\u015e.-BELENCO<\/td><\/tr><tr><td>KURYAP \u0130N\u015e.-CMS SAHA<\/td><\/tr><tr><td>KURYAP \u0130N\u015e.-EKOL HASTANE<\/td><\/tr><tr><td>KURYAP \u0130N\u015e.-KT&amp;G\/T\u0130RE<\/td><\/tr><tr><td>KURYAP \u0130N\u015e.-MONTR\u00d6<\/td><\/tr><tr><td>KURYAP \u0130N\u015e.-NUCLEOSS<\/td><\/tr><tr><td>KURYAP \u0130N\u015e.-STANDART PROF\u0130L<\/td><\/tr><tr><td>KURYAP \u0130N\u015e.-T\u0130RSAN-MAN\u0130SA<\/td><\/tr><tr><td>KURYAP \u0130N\u015e.-TORBALI OSB<\/td><\/tr><tr><td>KURYAP \u0130N\u015e.\/\u0130NC\u0130<\/td><\/tr><tr><td>KURYAP \u0130N\u015e.\/SEYREK<\/td><\/tr><tr><td>LALO\u011eLU \u0130N\u015e.-\u00c7\u0130\u011eL\u0130<\/td><\/tr><tr><td>MADANO\u011eLU YAPI-AKG KEMALPA\u015eA<\/td><\/tr><tr><td>MADANO\u011eLU YAPI-AOSB<\/td><\/tr><tr><td>MADANO\u011eLU YAPI-ARSEL DI\u015e T\u0130C.\/ULUKENT<\/td><\/tr><tr><td>MADANO\u011eLU YAPI-ASTOR<\/td><\/tr><tr><td>MADANO\u011eLU YAPI-ATILIM KAU\u00c7UK<\/td><\/tr><tr><td>MADANO\u011eLU YAPI-DO\u011eAK\u00d6Y<\/td><\/tr><tr><td>MADANO\u011eLU YAPI-EL\u0130T ET\u0130KET<\/td><\/tr><tr><td>MADANO\u011eLU YAPI-HASAN AKG\u00dcL ULUKENT<\/td><\/tr><tr><td>MADANO\u011eLU YAPI-HASBA\u011e HATUNDERE<\/td><\/tr><tr><td>MADANO\u011eLU YAPI-HASBA\u011e ULUKENT<\/td><\/tr><tr><td>MADANO\u011eLU YAPI-HASBA\u011e\/TORUZO\u011eLU<\/td><\/tr><tr><td>MADANO\u011eLU YAPI-\u0130LK \u0130N\u015e.-MED\u0130CANA HASTANES\u0130<\/td><\/tr><tr><td>MADANO\u011eLU YAPI-\u0130LK \u0130N\u015e.-VAKIF GYO<\/td><\/tr><tr><td>MADANO\u011eLU YAPI-KALABAK<\/td><\/tr><tr><td>MADANO\u011eLU YAPI-KAN D\u0130ZAYN \u00c7E\u015eME<\/td><\/tr><tr><td>MADANO\u011eLU YAPI-KENAN CENG\u0130Z<\/td><\/tr><tr><td>MADANO\u011eLU YAPI-KETENC\u0130 ALTINOVA<\/td><\/tr><tr><td>MADANO\u011eLU YAPI-KISIKK\u00d6Y<\/td><\/tr><tr><td>MADANO\u011eLU YAPI-MEHMET AKG\u00dcL ULUKENT<\/td><\/tr><tr><td>MADANO\u011eLU YAPI-ORHAN KAYA<\/td><\/tr><tr><td>MADANO\u011eLU YAPI-\u00d6ZDERSAN T\u0130RE<\/td><\/tr><tr><td>MADANO\u011eLU YAPI-QUANTUM\u00a0<\/td><\/tr><tr><td>MADANO\u011eLU YAPI-TORUZOGLU<\/td><\/tr><tr><td>MADANO\u011eLU YAPI-U\u011eUR APT.<\/td><\/tr><tr><td>MADANO\u011eLU YAPI-VELA<\/td><\/tr><tr><td>MATT YAPI-\u00c7E\u015eME<\/td><\/tr><tr><td>MATT YAPI-KEKL\u0130KTEE<\/td><\/tr><tr><td>MAV\u0130 D\u0130ZAYN-ULUCAK<\/td><\/tr><tr><td>MAV\u0130 D\u0130ZAYN-URLA<\/td><\/tr><tr><td>MERKON TAAH.-\u00c7ANKIRI \u015eABAN\u00d6Z\u00dc TRAFO MERKEZ\u0130<\/td><\/tr><tr><td>MERKON TAAH.-DEN\u0130ZL\u0130 SARAYK\u00d6Y TRAFO MERKEZ\u0130<\/td><\/tr><tr><td>MERT D\u0130ZAYN-A\u0130G BOSTANLI<\/td><\/tr><tr><td>MERT D\u0130ZAYN-BORO APT.<\/td><\/tr><tr><td>MERT D\u0130ZAYN-BORO \u0130N\u015eAAT EVKA 3<\/td><\/tr><tr><td>MERT D\u0130ZAYN-\u00c7E\u015eME<\/td><\/tr><tr><td>MERT D\u0130ZAYN-\u00c7\u0130\u011eL\u0130<\/td><\/tr><tr><td>MERT D\u0130ZAYN-ESBA\u015e<\/td><\/tr><tr><td>MERT D\u0130ZAYN-FORUM<\/td><\/tr><tr><td>MERT D\u0130ZAYN-KEMALPA\u015eA<\/td><\/tr><tr><td>MERT D\u0130ZAYN-K\u00dcTA\u015e<\/td><\/tr><tr><td>MERT D\u0130ZAYN-MCCORM\u0130CK<\/td><\/tr><tr><td>MERT D\u0130ZAYN-PANCAR<\/td><\/tr><tr><td>MERT D\u0130ZAYN-PINARBA\u015eI<\/td><\/tr><tr><td>MERT D\u0130ZAYN-SAH\u0130LEVLER\u0130<\/td><\/tr><tr><td>MERT D\u0130ZAYN-SAL\u0130HL\u0130 K\u00dcTA\u015e<\/td><\/tr><tr><td>MERT D\u0130ZAYN-TORBALI<\/td><\/tr><tr><td>MERT D\u0130ZAYN-U\u011eURLU \u0130N\u015eAAT BUCA<\/td><\/tr><tr><td>MERT D\u0130ZAYN-URLA \u00d6ZBEK<\/td><\/tr><tr><td>M\u0130ST\u0130K YAPI-ILIPINAR<\/td><\/tr><tr><td>M\u0130ST\u0130K YAPI-MORDO\u011eAN\/ARDI\u00c7<\/td><\/tr><tr><td>M\u0130ST\u0130K YAPI-NALD\u00d6KEN<\/td><\/tr><tr><td>M\u0130ST\u0130K YAPI-NALD\u00d6KEN 3<\/td><\/tr><tr><td>M\u0130ST\u0130K YAPI-\u00d6RNEKK\u00d6Y<\/td><\/tr><tr><td>M\u0130ST\u0130K YAPI-URLA<\/td><\/tr><tr><td>M\u0130ST\u0130K YAPI-YEN\u0130 G\u0130RNE<\/td><\/tr><tr><td>M\u0130ST\u0130K YAPI-Z\u00dcBEYDE HANIM<\/td><\/tr><tr><td>MTU-BADEMLER<\/td><\/tr><tr><td>NAVAC<\/td><\/tr><tr><td>NORM KAR \u0130N\u015e.-SASALI<\/td><\/tr><tr><td>ON HAS YAPI-SEFER\u0130H\u0130SAR<\/td><\/tr><tr><td>ORTA\u015e CAM AOSB<\/td><\/tr><tr><td>\u00d6M\u00dcR TUR\u0130ZM-ALSANCAK<\/td><\/tr><tr><td>\u00d6NER \u00d6ZG\u0130LLER-\u00c7E\u015eME<\/td><\/tr><tr><td>P\u0130ER \u0130N\u015e.-D\u0130LEK OKUL<\/td><\/tr><tr><td>P\u0130ER \u0130N\u015e.-MEDAR OKUL<\/td><\/tr><tr><td>P\u0130ER \u0130N\u015eAAT-\u00c7E\u015eME<\/td><\/tr><tr><td>P\u0130ER \u0130N\u015eAAT-SEFER\u0130H\u0130SAR<\/td><\/tr><tr><td>P\u0130ER KONUT-ILIKSU ASKER\u0130 KAMPI-\u00d6ZBEK<\/td><\/tr><tr><td>RC ROTA YAPI-\u00c7\u0130\u011eL\u0130 AOSB<\/td><\/tr><tr><td>RC ROTA YAPI-ESBA\u015e<\/td><\/tr><tr><td>RC ROTA YAPI-\u0130PEK KA\u011eIT<\/td><\/tr><tr><td>RC ROTA YAPI-JOHNSON<\/td><\/tr><tr><td>RC ROTA YAPI-MAN\u0130SA OSB<\/td><\/tr><tr><td>RC ROTA YAPI-SAGEZHA AMBALAJ<\/td><\/tr><tr><td>RC ROTA YAPI-SEY\u0130TLER K\u0130MYA TURGUTLU<\/td><\/tr><tr><td>RC ROTA-BOZK\u00d6Y<\/td><\/tr><tr><td>RC ROTA-KATMERC\u0130LER<\/td><\/tr><tr><td>RC ROTA-MED\u0130CAL PARK<\/td><\/tr><tr><td>R\u0130J\u0130T \u0130N\u015e.-\u00c7E\u015eME<\/td><\/tr><tr><td>ROBUS M\u0130M.<\/td><\/tr><tr><td>SAAB YATIRIM- TSK GAZ\u0130EM\u0130R<\/td><\/tr><tr><td>SAAB YATIRIM &#8211; 3970 ADA \/ 3 PARSEL<\/td><\/tr><tr><td>SAAB YATIRIM &#8211; 3866 PARSEL<\/td><\/tr><tr><td>SAAB YATIRIM &#8211; 4168 PARSEL<\/td><\/tr><tr><td>SAAB YATIRIM &#8211; 70ADA-423PARSEL<\/td><\/tr><tr><td>SAAB YATIRIM &#8211; 70ADA-425PARSEL<\/td><\/tr><tr><td>SAAB YATIRIM &#8211; 70ADA-428PARSEL<\/td><\/tr><tr><td>SEABERK MAK\u0130NA-MENEMEN LAR\u0130SSA G\u00d6L EVLER\u0130<\/td><\/tr><tr><td>SEV\u0130N\u00c7 DEM\u0130R-URLA KALABAK<\/td><\/tr><tr><td>TE M\u00dcH.-ANADOLU \u0130\u015eLEME<\/td><\/tr><tr><td>TE M\u00dcH.-ECZACIBA\u015eI<\/td><\/tr><tr><td>TE M\u00dcH.-ESBA\u015e<\/td><\/tr><tr><td>TE M\u00dcH.-FERRERO<\/td><\/tr><tr><td>TE M\u00dcH.-\u0130PEK KA\u011eIT<\/td><\/tr><tr><td>TE M\u00dcH.-KEMALPA\u015eA<\/td><\/tr><tr><td>TE M\u00dcH.-LM\/BERGAMA<\/td><\/tr><tr><td>TE M\u00dcH.-V\u0130TO ENERJ\u0130\/BERGAMA<\/td><\/tr><tr><td>TE M\u00dcH.\/DEZEGA<\/td><\/tr><tr><td>TE M\u00dcH.\/KALE<\/td><\/tr><tr><td>TE M\u00dcH.ESBA\u015e-AKZO NOBEL<\/td><\/tr><tr><td>TE M\u00dcH.ESBA\u015e-JANOSCHKA<\/td><\/tr><tr><td>TE M\u00dc\u015e.-A\u0130R L\u0130K\u0130T-MAN\u0130SA<\/td><\/tr><tr><td>TE M\u00dc\u015e.-BAYD\u00d6NER<\/td><\/tr><tr><td>TE M\u00dc\u015e.-\u00c7A\u011eATAY YEM<\/td><\/tr><tr><td>TE M\u00dc\u015e.-\u00c7\u0130\u011eL\u0130-JANOSCHKA<\/td><\/tr><tr><td>TE M\u00dc\u015e.-FESTO OSB.<\/td><\/tr><tr><td>TE M\u00dc\u015e.-KAT\u0130P \u00c7ELEB\u0130<\/td><\/tr><tr><td>TE M\u00dc\u015e.-KAYA DEPO\/G\u00d6RECE<\/td><\/tr><tr><td>TE M\u00dc\u015e.-MAX\u0130ON \u0130NC\u0130<\/td><\/tr><tr><td>TE M\u00dc\u015e.-OLGUN \u00c7EL\u0130K<\/td><\/tr><tr><td>TE M\u00dc\u015e.-POL\u0130NAS<\/td><\/tr><tr><td>TEPEKULE-CMS PINARBA\u015eI<\/td><\/tr><tr><td>TEPEKULE-\u00c7E\u015eME<\/td><\/tr><tr><td>TONYA YAPI-AL\u0130A\u011eA UZMAN DEN\u0130ZC\u0130L\u0130K M\u0130SAF\u0130RHANE<\/td><\/tr><tr><td>UFUK AKARYAKIT<\/td><\/tr><tr><td>UFUK \u0130N\u015eAAT<\/td><\/tr><tr><td>ULEMA-KEKL\u0130KTEPE<\/td><\/tr><tr><td>ULEMA-SAH\u0130LEVLER\u0130<\/td><\/tr><tr><td>ULEME-SARNI\u00c7 K\u00d6Y\u00dc<\/td><\/tr><tr><td>ULM. M\u0130M.-KEMALPA\u015eA<\/td><\/tr><tr><td>UZMAR DEN\u0130ZC\u0130L\u0130K KAPTAN ALTAY ALTU\u011e \u0130LKOKULU-KAR\u015eIYAKA<\/td><\/tr><tr><td>\u00dcMSAN \u0130N\u015e.<\/td><\/tr><tr><td>VELUX BAYRAKLI PROJES\u0130<\/td><\/tr><tr><td>VELUX BAYTOWERS PROJES\u0130<\/td><\/tr><tr><td>VELUX \u0130ZM\u0130R PROJES\u0130<\/td><\/tr><tr><td>V\u0130SYAP-BA\u011eARASI<\/td><\/tr><tr><td>V\u0130SYAP-BA\u011eYURDU<\/td><\/tr><tr><td>V\u0130SYAP-\u00c7E\u015eME<\/td><\/tr><tr><td>V\u0130SYAP-\u00c7\u0130NE<\/td><\/tr><tr><td>V\u0130SYAP-EVKA 3<\/td><\/tr><tr><td>V\u0130SYAP-G\u00dcBRETA\u015e<\/td><\/tr><tr><td>V\u0130SYAP-HELVACI<\/td><\/tr><tr><td>V\u0130SYAP-\u0130BER MAK.<\/td><\/tr><tr><td>V\u0130SYAP-KANAT BOYA<\/td><\/tr><tr><td>V\u0130SYAP-KAYNAKLAR<\/td><\/tr><tr><td>V\u0130SYAP-LEZ\u0130TA KES\u0130MHANE<\/td><\/tr><tr><td>V\u0130SYAP-MENDERES<\/td><\/tr><tr><td>V\u0130SYAP-MENEMEN<\/td><\/tr><tr><td>V\u0130SYAP-TEKNOTEST<\/td><\/tr><tr><td>V\u0130SYAP-T\u0130RE ORG.<\/td><\/tr><tr><td>V\u0130SYAP-TORBALI<\/td><\/tr><tr><td>V\u0130SYAP-TURGUTLU OSB<\/td><\/tr><\/tbody><\/table>\t\t\t\t\t\t\t\t<\/div>\n\t\t\t\t\t<\/div>\r\n\t\t\t\t<\/div>\r\n\t\t\t\t<\/div>","protected":false},"excerpt":{"rendered":"<p>ADB.M\u0130M.-U\u00c7AK KARDE\u015eLER A\u0130G \u0130N\u015e.-BOSTANLI ANKA PLAN PROJE-AKARCA ANKA PLAN PROJE-BUCA ANKA PLAN PROJE-HATAY ANKA PLAN PROJE-SEFER\u0130H\u0130SAR ARDA M\u00dcH.-EGE B\u00d6LGES\u0130 T\u00dcRK TELEKOM ALTYAPI \u0130\u015eLER\u0130 ARTCON \u0130N\u015e.-SEL\u00c7UK ARTKON \u0130N\u015e.-\u00d6ZKAN MAK.\u00a0 ARTKON \u0130N\u015e.-FO\u00c7A EVLER\u0130 ARTUR \u0130N\u015eAAT ASTOR MASLAN \u0130N\u015e.-SEL\u00c7UK AYGIT \u0130N\u015e.-ALTAY APT. AYGIT \u0130N\u015e.-BASIN APT. AYGIT \u0130N\u015e.-BE\u015eER DEPO BORNOVA AYGIT \u0130N\u015e.-CEVHER ESBA\u015e AYGIT \u0130N\u015e.-DEMET APT.\/\u015eA\u0130R E\u015eREF AYGIT \u0130N\u015e.-G\u00dcZELYALI [&hellip;]<\/p>\n","protected":false},"author":1,"featured_media":0,"parent":0,"menu_order":0,"comment_status":"closed","ping_status":"closed","template":"","meta":{"footnotes":""},"class_list":["post-7863","page","type-page","status-publish","hentry"],"_links":{"self":[{"href":"https:\/\/www.mareyapi.com\/en\/wp-json\/wp\/v2\/pages\/7863","targetHints":{"allow":["GET"]}}],"collection":[{"href":"https:\/\/www.mareyapi.com\/en\/wp-json\/wp\/v2\/pages"}],"about":[{"href":"https:\/\/www.mareyapi.com\/en\/wp-json\/wp\/v2\/types\/page"}],"author":[{"embeddable":true,"href":"https:\/\/www.mareyapi.com\/en\/wp-json\/wp\/v2\/users\/1"}],"replies":[{"embeddable":true,"href":"https:\/\/www.mareyapi.com\/en\/wp-json\/wp\/v2\/comments?post=7863"}],"version-history":[{"count":8,"href":"https:\/\/www.mareyapi.com\/en\/wp-json\/wp\/v2\/pages\/7863\/revisions"}],"predecessor-version":[{"id":10579,"href":"https:\/\/www.mareyapi.com\/en\/wp-json\/wp\/v2\/pages\/7863\/revisions\/10579"}],"wp:attachment":[{"href":"https:\/\/www.mareyapi.com\/en\/wp-json\/wp\/v2\/media?parent=7863"}],"curies":[{"name":"wp","href":"https:\/\/api.w.org\/{rel}","templated":true}]}}